{"id":7,"date":"2021-01-19T05:07:04","date_gmt":"2021-01-19T05:07:04","guid":{"rendered":"https:\/\/el-confin.themegeniuslab.com\/?page_id=7"},"modified":"2024-08-13T23:10:54","modified_gmt":"2024-08-13T21:10:54","slug":"home","status":"publish","type":"page","link":"https:\/\/badawcza.org\/","title":{"rendered":"Home"},"content":{"rendered":"\t\t<div data-elementor-type=\"wp-page\" data-elementor-id=\"7\" class=\"elementor elementor-7\">\n\t\t\t\t\t\t<section class=\"elementor-section elementor-top-section elementor-element elementor-element-05f7158 elementor-section-boxed elementor-section-height-default elementor-section-height-default\" data-id=\"05f7158\" data-element_type=\"section\" data-settings=\"{&quot;background_background&quot;:&quot;classic&quot;}\">\n\t\t\t\t\t\t<div class=\"elementor-container elementor-column-gap-default\">\n\t\t\t\t\t<div class=\"elementor-column elementor-col-100 elementor-top-column elementor-element elementor-element-bc219a9\" data-id=\"bc219a9\" data-element_type=\"column\">\n\t\t\t<div class=\"elementor-widget-wrap elementor-element-populated\">\n\t\t\t\t\t\t<div class=\"elementor-element elementor-element-688ae7a elementor-widget elementor-widget-tmx-confin_title\" data-id=\"688ae7a\" data-element_type=\"widget\" data-widget_type=\"tmx-confin_title.default\">\n\t\t\t\t<div class=\"elementor-widget-container\">\n\t\t\t\t\t\t<div class=\"confin-title section-title\">\n\t\t\t\t<span>Nasze dzia\u0142ania<\/span><div class=\"transparent-text\"><p>Szukasz wsparcia b\u0105d\u017a wsp\u00f3\u0142pracy? Zobacz, w czym jeste\u015bmy najlepsi i skontaktuj si\u0119 z nami!<\/p><\/div>\t\t\t<\/div>\n\t\t<\/div>\n\t\t\t\t<\/div>\n\t\t\t\t<div class=\"elementor-element elementor-element-2c935e4 elementor-widget elementor-widget-tmx-confin_about\" data-id=\"2c935e4\" data-element_type=\"widget\" data-settings=\"{&quot;about_image&quot;:{&quot;url&quot;:&quot;http:\\\/\\\/badawcza.org\\\/wp-content\\\/uploads\\\/2024\\\/07\\\/LOGO_LGB.jpg&quot;,&quot;id&quot;:26,&quot;size&quot;:&quot;&quot;,&quot;alt&quot;:&quot;&quot;,&quot;source&quot;:&quot;library&quot;}}\" data-widget_type=\"tmx-confin_about.default\">\n\t\t\t\t<div class=\"elementor-widget-container\">\n\t\t\t\t\t<div class=\"about-section\">\n\t\t\t<div class=\"row\">\n\t\t\t\t<div class=\"col col-md-6\">\n\t\t\t\t\t<div class=\"about-info\">\n\t\t\t\t\t\t<h3>Lubelska Grupa Badawcza<\/h3><p><span class=\"OYPEnA text-decoration-none text-strikethrough-none\">Specjalizujemy si\u0119 w badaniach spo\u0142ecznych i dzia\u0142aniach partycypacyjnych. Realizujemy ewaluacje i diagnozy (najcz\u0119\u015bciej w obszarze kultury i dzia\u0142alno\u015bci spo\u0142ecznej). Od 5 lat aktywnie wspieramy partycypacj\u0119 obywatelsk\u0105 projektuj\u0105c procesy partycypacyjne, moderuj\u0105c spotkania konsultacyjne i prowadz\u0105c warsztaty. Wspieramy samorz\u0105dy i organizacje w realizacji dzia\u0142a\u0144.<\/span><\/p><p>Nasza dzia\u0142alno\u015b\u0107 to:<\/p><ul><li>Badania spo\u0142eczne, diagnozy, ewaluacje<\/li><li>Procesy partycypacyjne od planu po podsumowanie<\/li><li>Projekty zajmuj\u0105ce si\u0119 to\u017csamo\u015bci\u0105 lokaln\u0105<\/li><li>Dzia\u0142ania w przyrodzie<\/li><\/ul><a href=\"#\"   class=\"theme-btn\">Wi\u0119cej informacji<\/a>\t\t\t\t\t<\/div>\n\t\t\t\t<\/div>\n\t\t\t\t<div class=\"col col-lg-5 col-lg-offset-1 col-md-6\">\n\t\t\t\t\t<div class=\"video-holder\">\n\t\t\t\t\t\t<div class=\"img-holder\">\n\t\t\t\t\t\t\t<img decoding=\"async\" src=\"https:\/\/badawcza.org\/wp-content\/uploads\/2024\/07\/LOGO_LGB.jpg\" alt=\"\">\t\t\t\t\t\t<\/div>\n\t\t\t\t\t\t\t\t\t\t\t<\/div>\n\t\t\t\t<\/div>\n\t\t\t<\/div>\n\t\t<\/div>\n\t\t<\/div>\n\t\t\t\t<\/div>\n\t\t\t\t\t<\/div>\n\t\t<\/div>\n\t\t\t\t\t<\/div>\n\t\t<\/section>\n\t\t\t\t<section class=\"elementor-section elementor-top-section elementor-element elementor-element-a770261 elementor-section-full_width elementor-section-height-default elementor-section-height-default\" data-id=\"a770261\" data-element_type=\"section\" data-settings=\"{&quot;background_background&quot;:&quot;classic&quot;}\">\n\t\t\t\t\t\t<div class=\"elementor-container elementor-column-gap-default\">\n\t\t\t\t\t<div class=\"elementor-column elementor-col-100 elementor-top-column elementor-element elementor-element-eb4ea64\" data-id=\"eb4ea64\" data-element_type=\"column\">\n\t\t\t<div class=\"elementor-widget-wrap elementor-element-populated\">\n\t\t\t\t\t\t<div class=\"elementor-element elementor-element-49cf811 elementor-widget elementor-widget-tmx-confin_service\" data-id=\"49cf811\" data-element_type=\"widget\" data-widget_type=\"tmx-confin_service.default\">\n\t\t\t\t<div class=\"elementor-widget-container\">\n\t\t\t\t\t\t<div class=\"confin-service services-section-s2\">\n\t\t\t\t<div class=\"row\">\n\t\t\t\t\t<div class=\"service-grids services-slider clearfix\">\n\t\t\t\t\t\t\t\t\t\t\t\t\t\t<div class=\"grid\">\n\t\t\t\t\t\t\t\t\t<div class=\"img-holder\">\n\t\t\t\t\t\t\t\t\t\t<img decoding=\"async\" src=\"https:\/\/badawcza.org\/wp-content\/uploads\/2019\/01\/20240622_103850-1-scaled.jpg\" alt=\"\">\n\t\t\t\t\t\t\t\t\t<\/div>\n\t\t\t\t\t\t\t\t\t<div class=\"details\">\n\t\t\t\t\t\t\t\t\t\t<h3><a href=\"https:\/\/badawcza.org\/?service=badania-spoleczne-diagnozy-ewaluacje\"><span>01.<\/span>\n\t\t\t\t\t\t\t\t\t\t\t\tBadania spo\u0142eczne, diagnozy, ewaluacje<\/a>\n\t\t\t\t\t\t\t\t\t\t<\/h3>\n\t\t\t\t\t\t\t\t\t\t<p>Badania spo\u0142eczne to klucz do poznania tego, co w sercach i g\u0142owach innych ludzi.<\/p>\n\t\t\t\t\t\t\t\t\t<\/div>\n\t\t\t\t\t\t\t\t<\/div>\n\t\t\t\t\t\t\t\t\t\t\t\t\t\t<div class=\"grid\">\n\t\t\t\t\t\t\t\t\t<div class=\"img-holder\">\n\t\t\t\t\t\t\t\t\t\t<img decoding=\"async\" src=\"https:\/\/badawcza.org\/wp-content\/uploads\/2019\/01\/65196428_2332743876996489_3750901313051820032_n-1.jpg\" alt=\"\">\n\t\t\t\t\t\t\t\t\t<\/div>\n\t\t\t\t\t\t\t\t\t<div class=\"details\">\n\t\t\t\t\t\t\t\t\t\t<h3><a href=\"https:\/\/badawcza.org\/?service=financial-service\"><span>02.<\/span>\n\t\t\t\t\t\t\t\t\t\t\t\tWsparcie w procesach partycypacji<\/a>\n\t\t\t\t\t\t\t\t\t\t<\/h3>\n\t\t\t\t\t\t\t\t\t\t<p>Partycypacja obywatelska to jedno z podstawowych narz\u0119dzi demokracji. Pracujemy, by procesy konsultacyjne by\u0142y dobre i efektywne dla wszystkich stron.<\/p>\n\t\t\t\t\t\t\t\t\t<\/div>\n\t\t\t\t\t\t\t\t<\/div>\n\t\t\t\t\t\t\t\t\t\t\t\t\t\t<div class=\"grid\">\n\t\t\t\t\t\t\t\t\t<div class=\"img-holder\">\n\t\t\t\t\t\t\t\t\t\t<img decoding=\"async\" src=\"https:\/\/badawcza.org\/wp-content\/uploads\/2019\/01\/20240524_174949-1-scaled.jpg\" alt=\"\">\n\t\t\t\t\t\t\t\t\t<\/div>\n\t\t\t\t\t\t\t\t\t<div class=\"details\">\n\t\t\t\t\t\t\t\t\t\t<h3><a href=\"https:\/\/badawcza.org\/?service=business-service\"><span>03.<\/span>\n\t\t\t\t\t\t\t\t\t\t\t\tMapa Sentymentalna Lublin<\/a>\n\t\t\t\t\t\t\t\t\t\t<\/h3>\n\t\t\t\t\t\t\t\t\t\t<p>Mapy Sentymentalne to spojrzenie na miasto z perspektywy to\u017csamo\u015bci dzielnic. To te\u017c \u015bwietne narz\u0119dzie w procesach planistycznych, rewitalizacyjnych czy dzia\u0142aniach animacyjnych.<\/p>\n\t\t\t\t\t\t\t\t\t<\/div>\n\t\t\t\t\t\t\t\t<\/div>\n\t\t\t\t\t\t\t\t\t\t\t\t\t\t<div class=\"grid\">\n\t\t\t\t\t\t\t\t\t<div class=\"img-holder\">\n\t\t\t\t\t\t\t\t\t\t<img decoding=\"async\" src=\"https:\/\/badawcza.org\/wp-content\/uploads\/2019\/01\/20240613_190058-1-1-scaled.jpg\" alt=\"\">\n\t\t\t\t\t\t\t\t\t<\/div>\n\t\t\t\t\t\t\t\t\t<div class=\"details\">\n\t\t\t\t\t\t\t\t\t\t<h3><a href=\"https:\/\/badawcza.org\/?service=strategy-planing\"><span>04.<\/span>\n\t\t\t\t\t\t\t\t\t\t\t\tSzkolenia i warsztaty<\/a>\n\t\t\t\t\t\t\t\t\t\t<\/h3>\n\t\t\t\t\t\t\t\t\t\t<p>Realizujemy warsztaty i szkolenia z zakresu realizacji diagnoz, ewaluacji, proces\u00f3w partycypacyjnych a tak\u017ce dotycz\u0105ce umiej\u0119tno\u015bci mi\u0119kkich.<\/p>\n\t\t\t\t\t\t\t\t\t<\/div>\n\t\t\t\t\t\t\t\t<\/div>\n\t\t\t\t\t\t\t\t\t\t\t<\/div>\n\t\t\t\t<\/div>\n\t\t\t<\/div>\n\t\t<\/div>\n\t\t\t\t<\/div>\n\t\t\t\t\t<\/div>\n\t\t<\/div>\n\t\t\t\t\t<\/div>\n\t\t<\/section>\n\t\t\t\t<section class=\"elementor-section elementor-top-section elementor-element elementor-element-1f6ef1c elementor-section-boxed elementor-section-height-default elementor-section-height-default\" data-id=\"1f6ef1c\" data-element_type=\"section\">\n\t\t\t\t\t\t<div class=\"elementor-container elementor-column-gap-default\">\n\t\t\t\t\t<div class=\"elementor-column elementor-col-50 elementor-top-column elementor-element elementor-element-7133629\" data-id=\"7133629\" data-element_type=\"column\">\n\t\t\t<div class=\"elementor-widget-wrap elementor-element-populated\">\n\t\t\t\t\t\t<div class=\"elementor-element elementor-element-3949f3b elementor-widget elementor-widget-tmx-confin_title\" data-id=\"3949f3b\" data-element_type=\"widget\" data-widget_type=\"tmx-confin_title.default\">\n\t\t\t\t<div class=\"elementor-widget-container\">\n\t\t\t\t\t\t<div class=\"confin-title section-title-s2\">\n\t\t\t\t<span>Skontaktuj si\u0119 z nami<\/span><h2>Formularz<\/h2>\n\t\t\t<\/div>\n\t\t\t\t<\/div>\n\t\t\t\t<\/div>\n\t\t\t\t<div class=\"elementor-element elementor-element-90340a7 elementor-widget elementor-widget-tmx-confin_contact_form\" data-id=\"90340a7\" data-element_type=\"widget\" data-widget_type=\"tmx-confin_contact_form.default\">\n\t\t\t\t<div class=\"elementor-widget-container\">\n\t\t\t\t\t<div class=\"contact-section\">\n\t\t\t\n<div class=\"wpcf7 no-js\" id=\"wpcf7-f5-o1\" lang=\"en-US\" dir=\"ltr\">\n<div class=\"screen-reader-response\"><p role=\"status\" aria-live=\"polite\" aria-atomic=\"true\"><\/p> <ul><\/ul><\/div>\n<form action=\"\/index.php?rest_route=%2Fwp%2Fv2%2Fpages%2F7#wpcf7-f5-o1\" method=\"post\" class=\"wpcf7-form init\" aria-label=\"Contact form\" novalidate=\"novalidate\" data-status=\"init\">\n<div style=\"display: none;\">\n<input type=\"hidden\" name=\"_wpcf7\" value=\"5\" \/>\n<input type=\"hidden\" name=\"_wpcf7_version\" value=\"5.9.6\" \/>\n<input type=\"hidden\" name=\"_wpcf7_locale\" value=\"en_US\" \/>\n<input type=\"hidden\" name=\"_wpcf7_unit_tag\" value=\"wpcf7-f5-o1\" \/>\n<input type=\"hidden\" name=\"_wpcf7_container_post\" value=\"0\" \/>\n<input type=\"hidden\" name=\"_wpcf7_posted_data_hash\" value=\"\" \/>\n<\/div>\n<div class=\"contact-form\">\n\t<div>\n\t\t<p><span class=\"wpcf7-form-control-wrap\" data-name=\"your-name\"><input size=\"40\" maxlength=\"80\" class=\"wpcf7-form-control wpcf7-text wpcf7-validates-as-required form-control\" aria-required=\"true\" aria-invalid=\"false\" placeholder=\"Your Name *\" value=\"\" type=\"text\" name=\"your-name\" \/><\/span>\n\t\t<\/p>\n\t<\/div>\n\t<div>\n\t\t<p><span class=\"wpcf7-form-control-wrap\" data-name=\"your-email\"><input size=\"40\" maxlength=\"80\" class=\"wpcf7-form-control wpcf7-email wpcf7-validates-as-required wpcf7-text wpcf7-validates-as-email form-control\" aria-required=\"true\" aria-invalid=\"false\" placeholder=\"Your Email *\" value=\"\" type=\"email\" name=\"your-email\" \/><\/span>\n\t\t<\/p>\n\t<\/div>\n\t<div>\n\t\t<p><span class=\"wpcf7-form-control-wrap\" data-name=\"subject\"><input size=\"40\" maxlength=\"80\" class=\"wpcf7-form-control wpcf7-text wpcf7-validates-as-required form-control\" aria-required=\"true\" aria-invalid=\"false\" placeholder=\"Subject *\" value=\"\" type=\"text\" name=\"subject\" \/><\/span>\n\t\t<\/p>\n\t<\/div>\n\t<div>\n\t\t<p><span class=\"wpcf7-form-control-wrap\" data-name=\"textarea-525\"><textarea cols=\"40\" rows=\"10\" maxlength=\"400\" class=\"wpcf7-form-control wpcf7-textarea wpcf7-validates-as-required form-control\" aria-required=\"true\" aria-invalid=\"false\" placeholder=\"Message...\" name=\"textarea-525\"><\/textarea><\/span>\n\t\t<\/p>\n\t<\/div>\n\t<p><input class=\"wpcf7-form-control wpcf7-submit has-spinner theme-btn\" type=\"submit\" value=\"Send request\" \/>\n\t<\/p>\n<\/div><p style=\"display: none !important;\" class=\"akismet-fields-container\" data-prefix=\"_wpcf7_ak_\"><label>&#916;<textarea name=\"_wpcf7_ak_hp_textarea\" cols=\"45\" rows=\"8\" maxlength=\"100\"><\/textarea><\/label><input type=\"hidden\" id=\"ak_js_1\" name=\"_wpcf7_ak_js\" value=\"72\"\/><script>document.getElementById( \"ak_js_1\" ).setAttribute( \"value\", ( new Date() ).getTime() );<\/script><\/p><div class=\"wpcf7-response-output\" aria-hidden=\"true\"><\/div>\n<\/form>\n<\/div>\n\t\t<\/div>\n\t\t<\/div>\n\t\t\t\t<\/div>\n\t\t\t\t\t<\/div>\n\t\t<\/div>\n\t\t\t\t<div class=\"elementor-column elementor-col-50 elementor-top-column elementor-element elementor-element-915505f\" data-id=\"915505f\" data-element_type=\"column\">\n\t\t\t<div class=\"elementor-widget-wrap elementor-element-populated\">\n\t\t\t\t\t\t<div class=\"elementor-element elementor-element-2ed23be elementor-widget elementor-widget-tmx-confin_contactinfo\" data-id=\"2ed23be\" data-element_type=\"widget\" data-widget_type=\"tmx-confin_contactinfo.default\">\n\t\t\t\t<div class=\"elementor-widget-container\">\n\t\t\t\t\t<div class=\"contact-page-section\">\n\t\t\t<div class=\"contact-info-area\">\n\t\t\t\t<div class=\"section-title-s2\">\n\t\t\t\t\t<span>Skontaktuj si\u0119 z nami<\/span><h2>Mail<\/h2>\t\t\t\t<\/div>\n\t\t\t\t<div class=\"contact-info\">\n\t\t\t\t\t<ul>\n\t\t\t\t\t\t\t\t\t\t\t\t\t\t<li>\n\t\t\t\t\t\t\t\t\t<div class=\"icon\">\n\t\t\t\t\t\t\t\t\t\t<img decoding=\"async\" src=\"https:\/\/el-confin.themegeniuslab.com\/wp-content\/uploads\/2021\/01\/email.svg\" alt=\"\">\t\t\t\t\t\t\t\t\t<\/div>\n\t\t\t\t\t\t\t\t\t<p>badawcza@gmail.com<\/p>\t\t\t\t\t\t\t\t<\/li>\n\t\t\t\t\t\t\t\t\t\t\t<\/ul>\n\t\t\t\t<\/div>\n\t\t\t<\/div>\n\t\t<\/div>\n\t\t<\/div>\n\t\t\t\t<\/div>\n\t\t\t\t\t<\/div>\n\t\t<\/div>\n\t\t\t\t\t<\/div>\n\t\t<\/section>\n\t\t\t\t<section class=\"elementor-section elementor-top-section elementor-element elementor-element-a498bf5 elementor-section-boxed elementor-section-height-default elementor-section-height-default\" data-id=\"a498bf5\" data-element_type=\"section\">\n\t\t\t\t\t\t<div class=\"elementor-container elementor-column-gap-default\">\n\t\t\t\t\t<div class=\"elementor-column elementor-col-100 elementor-top-column elementor-element elementor-element-348e29a\" data-id=\"348e29a\" data-element_type=\"column\">\n\t\t\t<div class=\"elementor-widget-wrap elementor-element-populated\">\n\t\t\t\t\t\t<div class=\"elementor-element elementor-element-52fa10e elementor-widget-divider--view-line elementor-widget elementor-widget-divider\" data-id=\"52fa10e\" data-element_type=\"widget\" data-widget_type=\"divider.default\">\n\t\t\t\t<div class=\"elementor-widget-container\">\n\t\t\t<style>\/*! elementor - v3.22.0 - 26-06-2024 *\/\n.elementor-widget-divider{--divider-border-style:none;--divider-border-width:1px;--divider-color:#0c0d0e;--divider-icon-size:20px;--divider-element-spacing:10px;--divider-pattern-height:24px;--divider-pattern-size:20px;--divider-pattern-url:none;--divider-pattern-repeat:repeat-x}.elementor-widget-divider .elementor-divider{display:flex}.elementor-widget-divider .elementor-divider__text{font-size:15px;line-height:1;max-width:95%}.elementor-widget-divider .elementor-divider__element{margin:0 var(--divider-element-spacing);flex-shrink:0}.elementor-widget-divider .elementor-icon{font-size:var(--divider-icon-size)}.elementor-widget-divider .elementor-divider-separator{display:flex;margin:0;direction:ltr}.elementor-widget-divider--view-line_icon .elementor-divider-separator,.elementor-widget-divider--view-line_text .elementor-divider-separator{align-items:center}.elementor-widget-divider--view-line_icon .elementor-divider-separator:after,.elementor-widget-divider--view-line_icon .elementor-divider-separator:before,.elementor-widget-divider--view-line_text .elementor-divider-separator:after,.elementor-widget-divider--view-line_text .elementor-divider-separator:before{display:block;content:\"\";border-block-end:0;flex-grow:1;border-block-start:var(--divider-border-width) var(--divider-border-style) var(--divider-color)}.elementor-widget-divider--element-align-left .elementor-divider .elementor-divider-separator>.elementor-divider__svg:first-of-type{flex-grow:0;flex-shrink:100}.elementor-widget-divider--element-align-left .elementor-divider-separator:before{content:none}.elementor-widget-divider--element-align-left .elementor-divider__element{margin-left:0}.elementor-widget-divider--element-align-right .elementor-divider .elementor-divider-separator>.elementor-divider__svg:last-of-type{flex-grow:0;flex-shrink:100}.elementor-widget-divider--element-align-right .elementor-divider-separator:after{content:none}.elementor-widget-divider--element-align-right .elementor-divider__element{margin-right:0}.elementor-widget-divider--element-align-start .elementor-divider .elementor-divider-separator>.elementor-divider__svg:first-of-type{flex-grow:0;flex-shrink:100}.elementor-widget-divider--element-align-start .elementor-divider-separator:before{content:none}.elementor-widget-divider--element-align-start .elementor-divider__element{margin-inline-start:0}.elementor-widget-divider--element-align-end .elementor-divider .elementor-divider-separator>.elementor-divider__svg:last-of-type{flex-grow:0;flex-shrink:100}.elementor-widget-divider--element-align-end .elementor-divider-separator:after{content:none}.elementor-widget-divider--element-align-end .elementor-divider__element{margin-inline-end:0}.elementor-widget-divider:not(.elementor-widget-divider--view-line_text):not(.elementor-widget-divider--view-line_icon) .elementor-divider-separator{border-block-start:var(--divider-border-width) var(--divider-border-style) var(--divider-color)}.elementor-widget-divider--separator-type-pattern{--divider-border-style:none}.elementor-widget-divider--separator-type-pattern.elementor-widget-divider--view-line .elementor-divider-separator,.elementor-widget-divider--separator-type-pattern:not(.elementor-widget-divider--view-line) .elementor-divider-separator:after,.elementor-widget-divider--separator-type-pattern:not(.elementor-widget-divider--view-line) .elementor-divider-separator:before,.elementor-widget-divider--separator-type-pattern:not([class*=elementor-widget-divider--view]) .elementor-divider-separator{width:100%;min-height:var(--divider-pattern-height);-webkit-mask-size:var(--divider-pattern-size) 100%;mask-size:var(--divider-pattern-size) 100%;-webkit-mask-repeat:var(--divider-pattern-repeat);mask-repeat:var(--divider-pattern-repeat);background-color:var(--divider-color);-webkit-mask-image:var(--divider-pattern-url);mask-image:var(--divider-pattern-url)}.elementor-widget-divider--no-spacing{--divider-pattern-size:auto}.elementor-widget-divider--bg-round{--divider-pattern-repeat:round}.rtl .elementor-widget-divider .elementor-divider__text{direction:rtl}.e-con-inner>.elementor-widget-divider,.e-con>.elementor-widget-divider{width:var(--container-widget-width,100%);--flex-grow:var(--container-widget-flex-grow)}<\/style>\t\t<div class=\"elementor-divider\">\n\t\t\t<span class=\"elementor-divider-separator\">\n\t\t\t\t\t\t<\/span>\n\t\t<\/div>\n\t\t\t\t<\/div>\n\t\t\t\t<\/div>\n\t\t\t\t\t<\/div>\n\t\t<\/div>\n\t\t\t\t\t<\/div>\n\t\t<\/section>\n\t\t\t\t<section class=\"elementor-section elementor-top-section elementor-element elementor-element-6c5e1d4 elementor-section-boxed elementor-section-height-default elementor-section-height-default\" data-id=\"6c5e1d4\" data-element_type=\"section\">\n\t\t\t\t\t\t<div class=\"elementor-container elementor-column-gap-default\">\n\t\t\t\t\t<div class=\"elementor-column elementor-col-100 elementor-top-column elementor-element elementor-element-33812a5\" data-id=\"33812a5\" data-element_type=\"column\">\n\t\t\t<div class=\"elementor-widget-wrap elementor-element-populated\">\n\t\t\t\t\t\t<div class=\"elementor-element elementor-element-81f469b elementor-widget elementor-widget-tmx-confin_team\" data-id=\"81f469b\" data-element_type=\"widget\" data-widget_type=\"tmx-confin_team.default\">\n\t\t\t\t<div class=\"elementor-widget-container\">\n\t\t\t\t\t<div class=\"team-section\">\n\t\t\t<div class=\"row\">\n\t\t\t\t<div class=\"col col-lg-4 col-md-7\">\n\t\t\t\t\t<div class=\"section-title-s3\">\n\t\t\t\t\t\t<span>Poznajmy si\u0119!<\/span><h2>Zesp\u00f3\u0142<\/h2><p>Badawcz\u0105 tworz\u0105 osoby z wieloletnim do\u015bwiadczeniem i szerokimi zainteresowaniami. Stworzyli\u015bmy organizacj\u0119, by m\u00f3c realizowa\u0107 nasze cele w dzia\u0142aniach spo\u0142ecznych.<\/p><a href=\"#\"   class=\"view-all\" >Nasz zesp\u00f3\u0142 <i class=\"ti-arrow-right\"><\/i><\/a>\t\t\t\t\t<\/div>\n\t\t\t\t<\/div>\n\t\t\t\t<div class=\"col col-lg-8 col-xs-12\">\n\t\t\t\t\t<div class=\"team-grids clearfix\">\n\t\t\t\t\t\t\t\t\t\t\t\t\t\t<div class=\"grid\">\n\t\t\t\t\t\t\t\t\t<div class=\"member-pic\">\n\t\t\t\t\t\t\t\t\t\t<img decoding=\"async\" src=\"https:\/\/badawcza.org\/wp-content\/uploads\/2024\/07\/19025039_441798032848908_6784220530773148704_o-1.jpg\" alt=\"\">\t\t\t\t\t\t\t\t\t<\/div>\n\t\t\t\t\t\t\t\t\t<div class=\"details\">\n\t\t\t\t\t\t\t\t\t\t<h3>Agnieszka Duda-Jastrz\u0119bska<\/h3>\t\t\t\t\t\t\t\t\t<\/div>\n\t\t\t\t\t\t\t\t<\/div>\n\t\t\t\t\t\t\t\t\t\t\t\t\t\t<div class=\"grid\">\n\t\t\t\t\t\t\t\t\t<div class=\"member-pic\">\n\t\t\t\t\t\t\t\t\t\t<img decoding=\"async\" src=\"https:\/\/badawcza.org\/wp-content\/uploads\/2024\/07\/QZZ_1617-scaled.jpg\" alt=\"\">\t\t\t\t\t\t\t\t\t<\/div>\n\t\t\t\t\t\t\t\t\t<div class=\"details\">\n\t\t\t\t\t\t\t\t\t\t<h3>Marta Nazaruk-Napora<\/h3>\t\t\t\t\t\t\t\t\t<\/div>\n\t\t\t\t\t\t\t\t<\/div>\n\t\t\t\t\t\t\t\t\t\t\t\t\t\t<div class=\"grid\">\n\t\t\t\t\t\t\t\t\t<div class=\"member-pic\">\n\t\t\t\t\t\t\t\t\t\t<img decoding=\"async\" src=\"https:\/\/badawcza.org\/wp-content\/uploads\/2024\/07\/18955003_441798719515506_22765225481519153_o.jpg\" alt=\"\">\t\t\t\t\t\t\t\t\t<\/div>\n\t\t\t\t\t\t\t\t\t<div class=\"details\">\n\t\t\t\t\t\t\t\t\t\t<h3>Artur Duszyk<\/h3>\t\t\t\t\t\t\t\t\t<\/div>\n\t\t\t\t\t\t\t\t<\/div>\n\t\t\t\t\t\t\t\t\t\t\t\t\t\t<div class=\"grid\">\n\t\t\t\t\t\t\t\t\t<div class=\"member-pic\">\n\t\t\t\t\t\t\t\t\t\t<img decoding=\"async\" src=\"https:\/\/badawcza.org\/wp-content\/uploads\/2024\/07\/18922742_441798022848909_5870827418449265625_o-e1721334152695.jpg\" alt=\"\">\t\t\t\t\t\t\t\t\t<\/div>\n\t\t\t\t\t\t\t\t\t<div class=\"details\">\n\t\t\t\t\t\t\t\t\t\t<h3>Wojciech Zierbiec<\/h3>\t\t\t\t\t\t\t\t\t<\/div>\n\t\t\t\t\t\t\t\t<\/div>\n\t\t\t\t\t\t\t\t\t\t\t<\/div>\n\t\t\t\t<\/div>\n\t\t\t<\/div>\n\t\t<\/div>\n\t\t<\/div>\n\t\t\t\t<\/div>\n\t\t\t\t\t<\/div>\n\t\t<\/div>\n\t\t\t\t\t<\/div>\n\t\t<\/section>\n\t\t\t\t<\/div>\n\t\t","protected":false},"excerpt":{"rendered":"Nasze dzia\u0142ania Szukasz wsparcia b\u0105d\u017a wsp\u00f3\u0142pracy? Zobacz, w czym jeste\u015bmy najlepsi i skontaktuj si\u0119 z nami! Lubelska Grupa Badawcza Specjalizujemy si\u0119 w badaniach spo\u0142ecznych i dzia\u0142aniach partycypacyjnych. Realizujemy ewaluacje i diagnozy (najcz\u0119\u015bciej w obszarze kultury i dzia\u0142alno\u015bci spo\u0142ecznej). Od 5 lat aktywnie wspieramy partycypacj\u0119 obywatelsk\u0105 projektuj\u0105c procesy partycypacyjne, moderuj\u0105c spotkania konsultacyjne i prowadz\u0105c warsztaty. Wspieramy ","protected":false},"author":1,"featured_media":0,"parent":0,"menu_order":0,"comment_status":"closed","ping_status":"closed","template":"elementor_header_footer","meta":{"footnotes":""},"class_list":["post-7","page","type-page","status-publish","hentry"],"_links":{"self":[{"href":"https:\/\/badawcza.org\/index.php?rest_route=\/wp\/v2\/pages\/7","targetHints":{"allow":["GET"]}}],"collection":[{"href":"https:\/\/badawcza.org\/index.php?rest_route=\/wp\/v2\/pages"}],"about":[{"href":"https:\/\/badawcza.org\/index.php?rest_route=\/wp\/v2\/types\/page"}],"author":[{"embeddable":true,"href":"https:\/\/badawcza.org\/index.php?rest_route=\/wp\/v2\/users\/1"}],"replies":[{"embeddable":true,"href":"https:\/\/badawcza.org\/index.php?rest_route=%2Fwp%2Fv2%2Fcomments&post=7"}],"version-history":[{"count":28,"href":"https:\/\/badawcza.org\/index.php?rest_route=\/wp\/v2\/pages\/7\/revisions"}],"predecessor-version":[{"id":2306,"href":"https:\/\/badawcza.org\/index.php?rest_route=\/wp\/v2\/pages\/7\/revisions\/2306"}],"wp:attachment":[{"href":"https:\/\/badawcza.org\/index.php?rest_route=%2Fwp%2Fv2%2Fmedia&parent=7"}],"curies":[{"name":"wp","href":"https:\/\/api.w.org\/{rel}","templated":true}]}}