{"id":9,"date":"2021-01-19T05:07:31","date_gmt":"2021-01-19T05:07:31","guid":{"rendered":"https:\/\/el-confin.themegeniuslab.com\/?page_id=9"},"modified":"2024-08-13T23:08:06","modified_gmt":"2024-08-13T21:08:06","slug":"about","status":"publish","type":"page","link":"https:\/\/badawcza.org\/?page_id=9","title":{"rendered":"O nas"},"content":{"rendered":"<h3><\/h3>\n<p>Specjalizujemy si\u0119 w badaniach spo\u0142ecznych i dzia\u0142aniach partycypacyjnych. Realizujemy ewaluacje i diagnozy (najcz\u0119\u015bciej w obszarze kultury i dzia\u0142alno\u015bci spo\u0142ecznej). Od 5 lat aktywnie wspieramy partycypacj\u0119 obywatelsk\u0105 projektuj\u0105c procesy partycypacyjne, moderuj\u0105c spotkania konsultacyjne i prowadz\u0105c warsztaty. Wspieramy samorz\u0105dy i organizacje w realizacji dzia\u0142a\u0144.<\/p>\n<h3>MISJA<\/h3>\n<p>Wierzymy, \u017ce \u017cycie w zgodzie jest mo\u017cliwe, dlatego wspieramy s\u0142uchanie w budowaniu relacji.<\/p>\n<h3>WIZJA<\/h3>\n<p>D\u0105\u017cymy do tworzenia miejsc i wsp\u00f3lnot, w kt\u00f3rych mo\u017cna si\u0119 pi\u0119knie r\u00f3\u017cni\u0107. Chcemy wsp\u00f3\u0142tworzy\u0107 procesy, oparte na s\u0142uchaniu, wzajemnym szacunku, uwa\u017cno\u015bci na cz\u0142owieka i otoczenie.<br \/>\nZajmujemy si\u0119 partycypacj\u0105 obywatelsk\u0105. Zapraszamy mieszka\u0144c\u00f3w i instytucje do budowania dialogu, s\u0142uchamy g\u0142os\u00f3w r\u00f3\u017cnych os\u00f3b, grup i instytucji, aby rozwi\u0105zywa\u0107 lokalne trudno\u015bci, bior\u0105c pod uwag\u0119 ich potrzeby i szerok\u0105 perspektyw\u0119.<br \/>\nRobimy badania, diagnozy oraz korzystamy z interaktywnych narz\u0119dzi partycypacyjnych. Jednym z wa\u017cniejszych dzia\u0142a\u0144, buduj\u0105cych poczucie wsp\u00f3lnoty i to\u017csamo\u015b\u0107 lokaln\u0105 s\u0105 nasze mapy sentymentalne.<\/p>\n","protected":false},"excerpt":{"rendered":"Specjalizujemy si\u0119 w badaniach spo\u0142ecznych i dzia\u0142aniach partycypacyjnych. Realizujemy ewaluacje i diagnozy (najcz\u0119\u015bciej w obszarze kultury i dzia\u0142alno\u015bci spo\u0142ecznej). Od 5 lat aktywnie wspieramy partycypacj\u0119 obywatelsk\u0105 projektuj\u0105c procesy partycypacyjne, moderuj\u0105c spotkania konsultacyjne i prowadz\u0105c warsztaty. Wspieramy samorz\u0105dy i organizacje w realizacji dzia\u0142a\u0144. MISJA Wierzymy, \u017ce \u017cycie w zgodzie jest mo\u017cliwe, dlatego wspieramy s\u0142uchanie w budowaniu ","protected":false},"author":1,"featured_media":0,"parent":0,"menu_order":0,"comment_status":"closed","ping_status":"closed","template":"elementor_header_footer","meta":{"footnotes":""},"class_list":["post-9","page","type-page","status-publish","hentry"],"_links":{"self":[{"href":"https:\/\/badawcza.org\/index.php?rest_route=\/wp\/v2\/pages\/9","targetHints":{"allow":["GET"]}}],"collection":[{"href":"https:\/\/badawcza.org\/index.php?rest_route=\/wp\/v2\/pages"}],"about":[{"href":"https:\/\/badawcza.org\/index.php?rest_route=\/wp\/v2\/types\/page"}],"author":[{"embeddable":true,"href":"https:\/\/badawcza.org\/index.php?rest_route=\/wp\/v2\/users\/1"}],"replies":[{"embeddable":true,"href":"https:\/\/badawcza.org\/index.php?rest_route=%2Fwp%2Fv2%2Fcomments&post=9"}],"version-history":[{"count":7,"href":"https:\/\/badawcza.org\/index.php?rest_route=\/wp\/v2\/pages\/9\/revisions"}],"predecessor-version":[{"id":2303,"href":"https:\/\/badawcza.org\/index.php?rest_route=\/wp\/v2\/pages\/9\/revisions\/2303"}],"wp:attachment":[{"href":"https:\/\/badawcza.org\/index.php?rest_route=%2Fwp%2Fv2%2Fmedia&parent=9"}],"curies":[{"name":"wp","href":"https:\/\/api.w.org\/{rel}","templated":true}]}}